{"id":143,"date":"2025-03-11T17:15:41","date_gmt":"2025-03-11T17:15:41","guid":{"rendered":"http:\/\/rcda.cz\/?page_id=143"},"modified":"2025-03-21T18:33:33","modified_gmt":"2025-03-21T18:33:33","slug":"2023-2","status":"publish","type":"page","link":"https:\/\/rcda.cz\/en\/2023-2\/","title":{"rendered":"2023"},"content":{"rendered":"<div data-elementor-type=\"wp-page\" data-elementor-id=\"143\" class=\"elementor elementor-143\" data-elementor-post-type=\"page\">\n\t\t\t\t<div class=\"elementor-element elementor-element-45e4b73a e-con-full e-flex e-con e-parent\" data-id=\"45e4b73a\" data-element_type=\"container\" data-settings=\"{&quot;background_background&quot;:&quot;classic&quot;}\">\n\t\t\t\t<div class=\"elementor-element elementor-element-3c483468 elementor-widget elementor-widget-image\" data-id=\"3c483468\" data-element_type=\"widget\" data-widget_type=\"image.default\">\n\t\t\t\t<div class=\"elementor-widget-container\">\n\t\t\t\t\t\t\t\t\t\t\t\t\t\t\t<img decoding=\"async\" src=\"https:\/\/rcda.cz\/wp-content\/uploads\/2025\/02\/rdc_svg.svg\" class=\"attachment-full size-full wp-image-553\" alt=\"\" \/>\t\t\t\t\t\t\t\t\t\t\t\t\t\t\t<\/div>\n\t\t\t\t<\/div>\n\t\t\t\t<div class=\"elementor-element elementor-element-29de15d4 elementor-widget-mobile__width-inherit elementor-widget elementor-widget-heading\" data-id=\"29de15d4\" data-element_type=\"widget\" data-widget_type=\"heading.default\">\n\t\t\t\t<div class=\"elementor-widget-container\">\n\t\t\t\t\t<h2 class=\"elementor-heading-title elementor-size-default\">2023<\/h2>\t\t\t\t<\/div>\n\t\t\t\t<\/div>\n\t\t\t\t<div class=\"elementor-element elementor-element-3b1e3a58 e-transform elementor-widget elementor-widget-heading\" data-id=\"3b1e3a58\" data-element_type=\"widget\" data-settings=\"{&quot;_transform_translateY_effect_mobile&quot;:{&quot;unit&quot;:&quot;px&quot;,&quot;size&quot;:15,&quot;sizes&quot;:[]},&quot;_transform_translateX_effect&quot;:{&quot;unit&quot;:&quot;px&quot;,&quot;size&quot;:&quot;&quot;,&quot;sizes&quot;:[]},&quot;_transform_translateX_effect_tablet&quot;:{&quot;unit&quot;:&quot;px&quot;,&quot;size&quot;:&quot;&quot;,&quot;sizes&quot;:[]},&quot;_transform_translateX_effect_mobile&quot;:{&quot;unit&quot;:&quot;px&quot;,&quot;size&quot;:&quot;&quot;,&quot;sizes&quot;:[]},&quot;_transform_translateY_effect&quot;:{&quot;unit&quot;:&quot;px&quot;,&quot;size&quot;:&quot;&quot;,&quot;sizes&quot;:[]},&quot;_transform_translateY_effect_tablet&quot;:{&quot;unit&quot;:&quot;px&quot;,&quot;size&quot;:&quot;&quot;,&quot;sizes&quot;:[]}}\" data-widget_type=\"heading.default\">\n\t\t\t\t<div class=\"elementor-widget-container\">\n\t\t\t\t\t<h6 class=\"elementor-heading-title elementor-size-default\">Partne\u0159i z\u00e1vodu<\/h6>\t\t\t\t<\/div>\n\t\t\t\t<\/div>\n\t\t<div class=\"elementor-element elementor-element-66696999 e-flex e-con-boxed e-con e-child\" data-id=\"66696999\" data-element_type=\"container\">\n\t\t\t\t\t<div class=\"e-con-inner\">\n\t\t\t\t<div class=\"elementor-element elementor-element-776adaed elementor-pagination-type-progressbar animated-slow elementor-skin-carousel elementor-pagination-position-outside elementor-invisible elementor-widget elementor-widget-media-carousel\" data-id=\"776adaed\" data-element_type=\"widget\" data-settings=\"{&quot;slides_per_view&quot;:&quot;10&quot;,&quot;slides_to_scroll&quot;:&quot;3&quot;,&quot;pagination&quot;:&quot;progressbar&quot;,&quot;speed&quot;:5000,&quot;autoplay_speed&quot;:9000,&quot;lazyload&quot;:&quot;yes&quot;,&quot;space_between&quot;:{&quot;unit&quot;:&quot;px&quot;,&quot;size&quot;:0,&quot;sizes&quot;:[]},&quot;_animation&quot;:&quot;fadeIn&quot;,&quot;slides_per_view_tablet&quot;:&quot;4&quot;,&quot;slides_per_view_mobile&quot;:&quot;3&quot;,&quot;slides_to_scroll_tablet&quot;:&quot;4&quot;,&quot;slides_to_scroll_mobile&quot;:&quot;3&quot;,&quot;space_between_mobile&quot;:{&quot;unit&quot;:&quot;px&quot;,&quot;size&quot;:0,&quot;sizes&quot;:[]},&quot;skin&quot;:&quot;carousel&quot;,&quot;effect&quot;:&quot;slide&quot;,&quot;autoplay&quot;:&quot;yes&quot;,&quot;loop&quot;:&quot;yes&quot;,&quot;pause_on_hover&quot;:&quot;yes&quot;,&quot;pause_on_interaction&quot;:&quot;yes&quot;,&quot;space_between_tablet&quot;:{&quot;unit&quot;:&quot;px&quot;,&quot;size&quot;:10,&quot;sizes&quot;:[]}}\" data-widget_type=\"media-carousel.default\">\n\t\t\t\t<div class=\"elementor-widget-container\">\n\t\t\t\t\t\t\t\t\t<div class=\"elementor-swiper\">\n\t\t\t\t\t<div class=\"elementor-main-swiper swiper\" role=\"region\" aria-roledescription=\"carousel\" aria-label=\"Partners\">\n\t\t\t\t<div class=\"swiper-wrapper\">\n\t\t\t\t\t\t\t\t\t\t\t<div class=\"swiper-slide\" role=\"group\" aria-roledescription=\"slide\">\n\t\t\t\t\t\t\t<a href=\"http:\/\/www.yeda-shop.eu\">\t\t<div class=\"elementor-carousel-image swiper-lazy\" role=\"img\" aria-label=\"yeda shop banner\" data-background=\"https:\/\/rcda.cz\/wp-content\/uploads\/2025\/03\/YEDA-shop-300x86.png\">\n\n\t\t\t\t\t\t\t<div class=\"swiper-lazy-preloader\"><\/div>\n\t\t\t\n\t\t\t\t\t<\/div>\n\t\t<\/a>\t\t\t\t\t\t<\/div>\n\t\t\t\t\t\t\t\t\t\t\t<div class=\"swiper-slide\" role=\"group\" aria-roledescription=\"slide\">\n\t\t\t\t\t\t\t<a href=\"http:\/\/www.rcprofi.cz\">\t\t<div class=\"elementor-carousel-image swiper-lazy\" role=\"img\" aria-label=\"rc profi banner\" data-background=\"https:\/\/rcda.cz\/wp-content\/uploads\/2025\/03\/rcprofi-300x86.png\">\n\n\t\t\t\t\t\t\t<div class=\"swiper-lazy-preloader\"><\/div>\n\t\t\t\n\t\t\t\t\t<\/div>\n\t\t<\/a>\t\t\t\t\t\t<\/div>\n\t\t\t\t\t\t\t\t\t\t\t<div class=\"swiper-slide\" role=\"group\" aria-roledescription=\"slide\">\n\t\t\t\t\t\t\t<a href=\"http:\/\/www.shopping.rc-art.net\">\t\t<div class=\"elementor-carousel-image swiper-lazy\" role=\"img\" aria-label=\"rc-art banner\" data-background=\"https:\/\/rcda.cz\/wp-content\/uploads\/2025\/03\/RC-Art-300x86.png\">\n\n\t\t\t\t\t\t\t<div class=\"swiper-lazy-preloader\"><\/div>\n\t\t\t\n\t\t\t\t\t<\/div>\n\t\t<\/a>\t\t\t\t\t\t<\/div>\n\t\t\t\t\t\t\t\t\t\t\t<div class=\"swiper-slide\" role=\"group\" aria-roledescription=\"slide\">\n\t\t\t\t\t\t\t<a href=\"http:\/\/www.rcdrift.dk\">\t\t<div class=\"elementor-carousel-image swiper-lazy\" role=\"img\" aria-label=\"rcdriftdk\" data-background=\"https:\/\/rcda.cz\/wp-content\/uploads\/2025\/03\/rcdriftdk-300x86.png\">\n\n\t\t\t\t\t\t\t<div class=\"swiper-lazy-preloader\"><\/div>\n\t\t\t\n\t\t\t\t\t<\/div>\n\t\t<\/a>\t\t\t\t\t\t<\/div>\n\t\t\t\t\t\t\t\t\t\t\t<div class=\"swiper-slide\" role=\"group\" aria-roledescription=\"slide\">\n\t\t\t\t\t\t\t<a href=\"http:\/\/www.skidpad.one\">\t\t<div class=\"elementor-carousel-image swiper-lazy\" role=\"img\" aria-label=\"skidpad one global rc drifting community\" data-background=\"https:\/\/rcda.cz\/wp-content\/uploads\/2025\/03\/skidpad-300x86.png\">\n\n\t\t\t\t\t\t\t<div class=\"swiper-lazy-preloader\"><\/div>\n\t\t\t\n\t\t\t\t\t<\/div>\n\t\t<\/a>\t\t\t\t\t\t<\/div>\n\t\t\t\t\t\t\t\t\t\t\t<div class=\"swiper-slide\" role=\"group\" aria-roledescription=\"slide\">\n\t\t\t\t\t\t\t<a href=\"http:\/\/www.rcbyte.com\">\t\t<div class=\"elementor-carousel-image swiper-lazy\" role=\"img\" aria-label=\"RCBYTE\" data-background=\"https:\/\/rcda.cz\/wp-content\/uploads\/2025\/03\/RCBYTE-300x86.png\">\n\n\t\t\t\t\t\t\t<div class=\"swiper-lazy-preloader\"><\/div>\n\t\t\t\n\t\t\t\t\t<\/div>\n\t\t<\/a>\t\t\t\t\t\t<\/div>\n\t\t\t\t\t\t\t\t\t\t\t<div class=\"swiper-slide\" role=\"group\" aria-roledescription=\"slide\">\n\t\t\t\t\t\t\t<a href=\"http:\/\/www.mibosport.com\">\t\t<div class=\"elementor-carousel-image swiper-lazy\" role=\"img\" aria-label=\"Mibosport\" data-background=\"https:\/\/rcda.cz\/wp-content\/uploads\/2025\/03\/mibo-300x86.png\">\n\n\t\t\t\t\t\t\t<div class=\"swiper-lazy-preloader\"><\/div>\n\t\t\t\n\t\t\t\t\t<\/div>\n\t\t<\/a>\t\t\t\t\t\t<\/div>\n\t\t\t\t\t\t\t\t\t\t\t<div class=\"swiper-slide\" role=\"group\" aria-roledescription=\"slide\">\n\t\t\t\t\t\t\t<a href=\"http:\/\/www.profimodel.cz\">\t\t<div class=\"elementor-carousel-image swiper-lazy\" role=\"img\" aria-label=\"profimodel domansk\u00fd\" data-background=\"https:\/\/rcda.cz\/wp-content\/uploads\/2025\/03\/domansky-300x86.png\">\n\n\t\t\t\t\t\t\t<div class=\"swiper-lazy-preloader\"><\/div>\n\t\t\t\n\t\t\t\t\t<\/div>\n\t\t<\/a>\t\t\t\t\t\t<\/div>\n\t\t\t\t\t\t\t\t\t\t\t<div class=\"swiper-slide\" role=\"group\" aria-roledescription=\"slide\">\n\t\t\t\t\t\t\t<a href=\"http:\/\/www.s-polytec.com\">\t\t<div class=\"elementor-carousel-image swiper-lazy\" role=\"img\" aria-label=\"Spolytec\" data-background=\"https:\/\/rcda.cz\/wp-content\/uploads\/2025\/03\/Spolytec-300x86.png\">\n\n\t\t\t\t\t\t\t<div class=\"swiper-lazy-preloader\"><\/div>\n\t\t\t\n\t\t\t\t\t<\/div>\n\t\t<\/a>\t\t\t\t\t\t<\/div>\n\t\t\t\t\t\t\t\t\t<\/div>\n\t\t\t\t\t\t\t\t\t\t\t\t\t\t\t\t\t\t\t\t<div class=\"swiper-pagination\"><\/div>\n\t\t\t\t\t\t\t\t\t\t\t\t<\/div>\n\t\t\t\t<\/div>\n\t\t\t\t\t\t\t\t<\/div>\n\t\t\t\t<\/div>\n\t\t\t\t\t<\/div>\n\t\t\t\t<\/div>\n\t\t\t\t<\/div>\n\t\t<div class=\"elementor-element elementor-element-6b467134 e-con-full e-flex e-con e-parent\" data-id=\"6b467134\" data-element_type=\"container\" data-settings=\"{&quot;background_background&quot;:&quot;gradient&quot;}\">\n\t\t\t\t<div class=\"elementor-element elementor-element-5657c1fe elementor-widget elementor-widget-spacer\" data-id=\"5657c1fe\" data-element_type=\"widget\" data-widget_type=\"spacer.default\">\n\t\t\t\t<div class=\"elementor-widget-container\">\n\t\t\t\t\t\t\t<div class=\"elementor-spacer\">\n\t\t\t<div class=\"elementor-spacer-inner\"><\/div>\n\t\t<\/div>\n\t\t\t\t\t\t<\/div>\n\t\t\t\t<\/div>\n\t\t\t\t<\/div>\n\t\t<div class=\"elementor-element elementor-element-68a4c9f9 e-flex e-con-boxed e-con e-child\" data-id=\"68a4c9f9\" data-element_type=\"container\" data-settings=\"{&quot;background_background&quot;:&quot;classic&quot;}\">\n\t\t\t\t\t<div class=\"e-con-inner\">\n\t\t\t\t<div class=\"elementor-element elementor-element-5342e7e1 elementor-widget elementor-widget-heading\" data-id=\"5342e7e1\" data-element_type=\"widget\" data-widget_type=\"heading.default\">\n\t\t\t\t<div class=\"elementor-widget-container\">\n\t\t\t\t\t<h3 class=\"elementor-heading-title elementor-size-default\">Kalend\u00e1\u0159 z\u00e1vodu RDC\npro sez\u00f3nu 2023<\/h3>\t\t\t\t<\/div>\n\t\t\t\t<\/div>\n\t\t\t\t<div class=\"elementor-element elementor-element-589d86c8 elementor-align-justify elementor-widget elementor-widget-button\" data-id=\"589d86c8\" data-element_type=\"widget\" data-widget_type=\"button.default\">\n\t\t\t\t<div class=\"elementor-widget-container\">\n\t\t\t\t\t\t\t\t\t<div class=\"elementor-button-wrapper\">\n\t\t\t\t\t<a class=\"elementor-button elementor-button-link elementor-size-sm\" href=\"http:\/\/www.rcda.cz\/2023-round-1\">\n\t\t\t\t\t\t<span class=\"elementor-button-content-wrapper\">\n\t\t\t\t\t\t\t\t\t<span class=\"elementor-button-text\">ROUND 1<\/span>\n\t\t\t\t\t<\/span>\n\t\t\t\t\t<\/a>\n\t\t\t\t<\/div>\n\t\t\t\t\t\t\t\t<\/div>\n\t\t\t\t<\/div>\n\t\t\t\t<div class=\"elementor-element elementor-element-6b648ffe elementor-align-justify elementor-widget elementor-widget-button\" data-id=\"6b648ffe\" data-element_type=\"widget\" data-widget_type=\"button.default\">\n\t\t\t\t<div class=\"elementor-widget-container\">\n\t\t\t\t\t\t\t\t\t<div class=\"elementor-button-wrapper\">\n\t\t\t\t\t<a class=\"elementor-button elementor-button-link elementor-size-sm\" href=\"http:\/\/www.rcda.cz\/2023-round-2\">\n\t\t\t\t\t\t<span class=\"elementor-button-content-wrapper\">\n\t\t\t\t\t\t\t\t\t<span class=\"elementor-button-text\">ROUND 2<\/span>\n\t\t\t\t\t<\/span>\n\t\t\t\t\t<\/a>\n\t\t\t\t<\/div>\n\t\t\t\t\t\t\t\t<\/div>\n\t\t\t\t<\/div>\n\t\t\t\t<div class=\"elementor-element elementor-element-490fa816 elementor-align-justify elementor-widget elementor-widget-button\" data-id=\"490fa816\" data-element_type=\"widget\" data-widget_type=\"button.default\">\n\t\t\t\t<div class=\"elementor-widget-container\">\n\t\t\t\t\t\t\t\t\t<div class=\"elementor-button-wrapper\">\n\t\t\t\t\t<a class=\"elementor-button elementor-button-link elementor-size-sm\" href=\"http:\/\/www.rcda.cz\/2023-round-3\">\n\t\t\t\t\t\t<span class=\"elementor-button-content-wrapper\">\n\t\t\t\t\t\t\t\t\t<span class=\"elementor-button-text\">ROUND 3<\/span>\n\t\t\t\t\t<\/span>\n\t\t\t\t\t<\/a>\n\t\t\t\t<\/div>\n\t\t\t\t\t\t\t\t<\/div>\n\t\t\t\t<\/div>\n\t\t\t\t<div class=\"elementor-element elementor-element-3fd38fcb elementor-align-justify elementor-widget elementor-widget-button\" data-id=\"3fd38fcb\" data-element_type=\"widget\" data-widget_type=\"button.default\">\n\t\t\t\t<div class=\"elementor-widget-container\">\n\t\t\t\t\t\t\t\t\t<div class=\"elementor-button-wrapper\">\n\t\t\t\t\t<a class=\"elementor-button elementor-button-link elementor-size-sm\" href=\"http:\/\/www.rcda.cz\/2023-round-4\">\n\t\t\t\t\t\t<span class=\"elementor-button-content-wrapper\">\n\t\t\t\t\t\t\t\t\t<span class=\"elementor-button-text\">ROUND 4<\/span>\n\t\t\t\t\t<\/span>\n\t\t\t\t\t<\/a>\n\t\t\t\t<\/div>\n\t\t\t\t\t\t\t\t<\/div>\n\t\t\t\t<\/div>\n\t\t\t\t\t<\/div>\n\t\t\t\t<\/div>\n\t\t<div class=\"elementor-element elementor-element-780a061 e-con-full e-flex e-con e-parent\" data-id=\"780a061\" data-element_type=\"container\" data-settings=\"{&quot;background_background&quot;:&quot;gradient&quot;}\">\n\t\t\t\t<div class=\"elementor-element elementor-element-3a7d17bd elementor-widget elementor-widget-spacer\" data-id=\"3a7d17bd\" data-element_type=\"widget\" data-widget_type=\"spacer.default\">\n\t\t\t\t<div class=\"elementor-widget-container\">\n\t\t\t\t\t\t\t<div class=\"elementor-spacer\">\n\t\t\t<div class=\"elementor-spacer-inner\"><\/div>\n\t\t<\/div>\n\t\t\t\t\t\t<\/div>\n\t\t\t\t<\/div>\n\t\t\t\t<\/div>\n\t\t\t\t<\/div>","protected":false},"excerpt":{"rendered":"<p>2023 Partne\u0159i z\u00e1vodu Kalend\u00e1\u0159 z\u00e1vodu RDC pro sez\u00f3nu 2023 ROUND 1 ROUND 2 ROUND 3 ROUND 4<\/p>","protected":false},"author":1,"featured_media":0,"parent":0,"menu_order":0,"comment_status":"closed","ping_status":"closed","template":"","meta":{"footnotes":""},"class_list":["post-143","page","type-page","status-publish","hentry"],"yoast_head":"<!-- This site is optimized with the Yoast SEO plugin v25.7 - https:\/\/yoast.com\/wordpress\/plugins\/seo\/ -->\n<title>2023 - rcda.cz<\/title>\n<meta name=\"robots\" content=\"index, follow, max-snippet:-1, max-image-preview:large, max-video-preview:-1\" \/>\n<link rel=\"canonical\" href=\"https:\/\/rcda.cz\/en\/2023-2\/\" \/>\n<meta property=\"og:locale\" content=\"en_GB\" \/>\n<meta property=\"og:type\" content=\"article\" \/>\n<meta property=\"og:title\" content=\"2023 - rcda.cz\" \/>\n<meta property=\"og:description\" content=\"2023 Partne\u0159i z\u00e1vodu Kalend\u00e1\u0159 z\u00e1vodu RDC pro sez\u00f3nu 2023 ROUND 1 ROUND 2 ROUND 3 ROUND 4\" \/>\n<meta property=\"og:url\" content=\"https:\/\/rcda.cz\/en\/2023-2\/\" \/>\n<meta property=\"og:site_name\" content=\"rcda.cz\" \/>\n<meta property=\"article:publisher\" content=\"https:\/\/www.facebook.com\/profile.php?id=61572646910430\" \/>\n<meta property=\"article:modified_time\" content=\"2025-03-21T18:33:33+00:00\" \/>\n<meta property=\"og:image\" content=\"https:\/\/rcda.cz\/wp-content\/uploads\/2025\/02\/rdc_svg.svg\" \/>\n<meta name=\"twitter:card\" content=\"summary_large_image\" \/>\n<script type=\"application\/ld+json\" class=\"yoast-schema-graph\">{\"@context\":\"https:\/\/schema.org\",\"@graph\":[{\"@type\":\"WebPage\",\"@id\":\"https:\/\/rcda.cz\/2023-2\/\",\"url\":\"https:\/\/rcda.cz\/2023-2\/\",\"name\":\"2023 - rcda.cz\",\"isPartOf\":{\"@id\":\"https:\/\/rcda.cz\/#website\"},\"primaryImageOfPage\":{\"@id\":\"https:\/\/rcda.cz\/2023-2\/#primaryimage\"},\"image\":{\"@id\":\"https:\/\/rcda.cz\/2023-2\/#primaryimage\"},\"thumbnailUrl\":\"https:\/\/rcda.cz\/wp-content\/uploads\/2025\/02\/rdc_svg.svg\",\"datePublished\":\"2025-03-11T17:15:41+00:00\",\"dateModified\":\"2025-03-21T18:33:33+00:00\",\"breadcrumb\":{\"@id\":\"https:\/\/rcda.cz\/2023-2\/#breadcrumb\"},\"inLanguage\":\"en-GB\",\"potentialAction\":[{\"@type\":\"ReadAction\",\"target\":[\"https:\/\/rcda.cz\/2023-2\/\"]}]},{\"@type\":\"ImageObject\",\"inLanguage\":\"en-GB\",\"@id\":\"https:\/\/rcda.cz\/2023-2\/#primaryimage\",\"url\":\"https:\/\/rcda.cz\/wp-content\/uploads\/2025\/02\/rdc_svg.svg\",\"contentUrl\":\"https:\/\/rcda.cz\/wp-content\/uploads\/2025\/02\/rdc_svg.svg\"},{\"@type\":\"BreadcrumbList\",\"@id\":\"https:\/\/rcda.cz\/2023-2\/#breadcrumb\",\"itemListElement\":[{\"@type\":\"ListItem\",\"position\":1,\"name\":\"Dom\u016f\",\"item\":\"https:\/\/rcda.cz\/\"},{\"@type\":\"ListItem\",\"position\":2,\"name\":\"2023\"}]},{\"@type\":\"WebSite\",\"@id\":\"https:\/\/rcda.cz\/#website\",\"url\":\"https:\/\/rcda.cz\/\",\"name\":\"rcda.cz\",\"description\":\"Domov \u010desk\u00e9ho RC driftov\u00e9ho \u0161ampion\u00e1tu RDC, organizovan\u00e9ho pod z\u00e1\u0161titou RCDA - RC Drift Association\",\"publisher\":{\"@id\":\"https:\/\/rcda.cz\/#\/schema\/person\/70bb008124270680c28c1bf5ea4ca160\"},\"potentialAction\":[{\"@type\":\"SearchAction\",\"target\":{\"@type\":\"EntryPoint\",\"urlTemplate\":\"https:\/\/rcda.cz\/?s={search_term_string}\"},\"query-input\":{\"@type\":\"PropertyValueSpecification\",\"valueRequired\":true,\"valueName\":\"search_term_string\"}}],\"inLanguage\":\"en-GB\"},{\"@type\":[\"Person\",\"Organization\"],\"@id\":\"https:\/\/rcda.cz\/#\/schema\/person\/70bb008124270680c28c1bf5ea4ca160\",\"name\":\"rcdacz\",\"image\":{\"@type\":\"ImageObject\",\"inLanguage\":\"en-GB\",\"@id\":\"https:\/\/rcda.cz\/#\/schema\/person\/image\/\",\"url\":\"https:\/\/rcda.cz\/wp-content\/uploads\/2025\/02\/rcda_svg.svg\",\"contentUrl\":\"https:\/\/rcda.cz\/wp-content\/uploads\/2025\/02\/rcda_svg.svg\",\"width\":1,\"height\":1,\"caption\":\"rcdacz\"},\"logo\":{\"@id\":\"https:\/\/rcda.cz\/#\/schema\/person\/image\/\"},\"sameAs\":[\"http:\/\/localhost\/wordpress\",\"https:\/\/www.facebook.com\/profile.php?id=61572646910430\",\"https:\/\/www.instagram.com\/rcda_official\/\"]}]}<\/script>\n<!-- \/ Yoast SEO plugin. -->","yoast_head_json":{"title":"2023 - rcda.cz","robots":{"index":"index","follow":"follow","max-snippet":"max-snippet:-1","max-image-preview":"max-image-preview:large","max-video-preview":"max-video-preview:-1"},"canonical":"https:\/\/rcda.cz\/en\/2023-2\/","og_locale":"en_GB","og_type":"article","og_title":"2023 - rcda.cz","og_description":"2023 Partne\u0159i z\u00e1vodu Kalend\u00e1\u0159 z\u00e1vodu RDC pro sez\u00f3nu 2023 ROUND 1 ROUND 2 ROUND 3 ROUND 4","og_url":"https:\/\/rcda.cz\/en\/2023-2\/","og_site_name":"rcda.cz","article_publisher":"https:\/\/www.facebook.com\/profile.php?id=61572646910430","article_modified_time":"2025-03-21T18:33:33+00:00","og_image":[{"url":"https:\/\/rcda.cz\/wp-content\/uploads\/2025\/02\/rdc_svg.svg","type":"","width":"","height":""}],"twitter_card":"summary_large_image","schema":{"@context":"https:\/\/schema.org","@graph":[{"@type":"WebPage","@id":"https:\/\/rcda.cz\/2023-2\/","url":"https:\/\/rcda.cz\/2023-2\/","name":"2023 - rcda.cz","isPartOf":{"@id":"https:\/\/rcda.cz\/#website"},"primaryImageOfPage":{"@id":"https:\/\/rcda.cz\/2023-2\/#primaryimage"},"image":{"@id":"https:\/\/rcda.cz\/2023-2\/#primaryimage"},"thumbnailUrl":"https:\/\/rcda.cz\/wp-content\/uploads\/2025\/02\/rdc_svg.svg","datePublished":"2025-03-11T17:15:41+00:00","dateModified":"2025-03-21T18:33:33+00:00","breadcrumb":{"@id":"https:\/\/rcda.cz\/2023-2\/#breadcrumb"},"inLanguage":"en-GB","potentialAction":[{"@type":"ReadAction","target":["https:\/\/rcda.cz\/2023-2\/"]}]},{"@type":"ImageObject","inLanguage":"en-GB","@id":"https:\/\/rcda.cz\/2023-2\/#primaryimage","url":"https:\/\/rcda.cz\/wp-content\/uploads\/2025\/02\/rdc_svg.svg","contentUrl":"https:\/\/rcda.cz\/wp-content\/uploads\/2025\/02\/rdc_svg.svg"},{"@type":"BreadcrumbList","@id":"https:\/\/rcda.cz\/2023-2\/#breadcrumb","itemListElement":[{"@type":"ListItem","position":1,"name":"Dom\u016f","item":"https:\/\/rcda.cz\/"},{"@type":"ListItem","position":2,"name":"2023"}]},{"@type":"WebSite","@id":"https:\/\/rcda.cz\/#website","url":"https:\/\/rcda.cz\/","name":"rcda.cz","description":"Domov \u010desk\u00e9ho RC driftov\u00e9ho \u0161ampion\u00e1tu RDC, organizovan\u00e9ho pod z\u00e1\u0161titou RCDA - RC Drift Association","publisher":{"@id":"https:\/\/rcda.cz\/#\/schema\/person\/70bb008124270680c28c1bf5ea4ca160"},"potentialAction":[{"@type":"SearchAction","target":{"@type":"EntryPoint","urlTemplate":"https:\/\/rcda.cz\/?s={search_term_string}"},"query-input":{"@type":"PropertyValueSpecification","valueRequired":true,"valueName":"search_term_string"}}],"inLanguage":"en-GB"},{"@type":["Person","Organization"],"@id":"https:\/\/rcda.cz\/#\/schema\/person\/70bb008124270680c28c1bf5ea4ca160","name":"rcdacz","image":{"@type":"ImageObject","inLanguage":"en-GB","@id":"https:\/\/rcda.cz\/#\/schema\/person\/image\/","url":"https:\/\/rcda.cz\/wp-content\/uploads\/2025\/02\/rcda_svg.svg","contentUrl":"https:\/\/rcda.cz\/wp-content\/uploads\/2025\/02\/rcda_svg.svg","width":1,"height":1,"caption":"rcdacz"},"logo":{"@id":"https:\/\/rcda.cz\/#\/schema\/person\/image\/"},"sameAs":["http:\/\/localhost\/wordpress","https:\/\/www.facebook.com\/profile.php?id=61572646910430","https:\/\/www.instagram.com\/rcda_official\/"]}]}},"_links":{"self":[{"href":"https:\/\/rcda.cz\/en\/wp-json\/wp\/v2\/pages\/143","targetHints":{"allow":["GET"]}}],"collection":[{"href":"https:\/\/rcda.cz\/en\/wp-json\/wp\/v2\/pages"}],"about":[{"href":"https:\/\/rcda.cz\/en\/wp-json\/wp\/v2\/types\/page"}],"author":[{"embeddable":true,"href":"https:\/\/rcda.cz\/en\/wp-json\/wp\/v2\/users\/1"}],"replies":[{"embeddable":true,"href":"https:\/\/rcda.cz\/en\/wp-json\/wp\/v2\/comments?post=143"}],"version-history":[{"count":4,"href":"https:\/\/rcda.cz\/en\/wp-json\/wp\/v2\/pages\/143\/revisions"}],"predecessor-version":[{"id":858,"href":"https:\/\/rcda.cz\/en\/wp-json\/wp\/v2\/pages\/143\/revisions\/858"}],"wp:attachment":[{"href":"https:\/\/rcda.cz\/en\/wp-json\/wp\/v2\/media?parent=143"}],"curies":[{"name":"wp","href":"https:\/\/api.w.org\/{rel}","templated":true}]}}