{"id":1549,"date":"2026-03-01T09:47:10","date_gmt":"2026-03-01T09:47:10","guid":{"rendered":"https:\/\/rcda.cz\/?page_id=1549"},"modified":"2026-03-01T10:04:24","modified_gmt":"2026-03-01T10:04:24","slug":"2026-round-5","status":"publish","type":"page","link":"https:\/\/rcda.cz\/en\/2026-round-5\/","title":{"rendered":"2026 &#8211; ROUND 5"},"content":{"rendered":"<div data-elementor-type=\"wp-page\" data-elementor-id=\"1549\" class=\"elementor elementor-1549\" data-elementor-post-type=\"page\">\n\t\t\t\t<div class=\"elementor-element elementor-element-565a430e e-con-full e-flex e-con e-parent\" data-id=\"565a430e\" data-element_type=\"container\" data-settings=\"{&quot;background_background&quot;:&quot;classic&quot;}\">\n\t\t\t\t<div class=\"elementor-element elementor-element-111aeccb elementor-widget elementor-widget-image\" data-id=\"111aeccb\" data-element_type=\"widget\" data-widget_type=\"image.default\">\n\t\t\t\t<div class=\"elementor-widget-container\">\n\t\t\t\t\t\t\t\t\t\t\t\t\t\t\t<img decoding=\"async\" src=\"https:\/\/rcda.cz\/wp-content\/uploads\/2025\/02\/rdc_svg.svg\" class=\"attachment-full size-full wp-image-553\" alt=\"\" \/>\t\t\t\t\t\t\t\t\t\t\t\t\t\t\t<\/div>\n\t\t\t\t<\/div>\n\t\t\t\t<div class=\"elementor-element elementor-element-2cb553a2 elementor-widget-mobile__width-inherit elementor-widget elementor-widget-heading\" data-id=\"2cb553a2\" data-element_type=\"widget\" data-widget_type=\"heading.default\">\n\t\t\t\t<div class=\"elementor-widget-container\">\n\t\t\t\t\t<h2 class=\"elementor-heading-title elementor-size-default\">2026 - ROUND 5<\/h2>\t\t\t\t<\/div>\n\t\t\t\t<\/div>\n\t\t\t\t<div class=\"elementor-element elementor-element-224b3145 e-transform elementor-widget elementor-widget-heading\" data-id=\"224b3145\" data-element_type=\"widget\" data-settings=\"{&quot;_transform_translateY_effect_mobile&quot;:{&quot;unit&quot;:&quot;px&quot;,&quot;size&quot;:15,&quot;sizes&quot;:[]},&quot;_transform_translateX_effect&quot;:{&quot;unit&quot;:&quot;px&quot;,&quot;size&quot;:&quot;&quot;,&quot;sizes&quot;:[]},&quot;_transform_translateX_effect_tablet&quot;:{&quot;unit&quot;:&quot;px&quot;,&quot;size&quot;:&quot;&quot;,&quot;sizes&quot;:[]},&quot;_transform_translateX_effect_mobile&quot;:{&quot;unit&quot;:&quot;px&quot;,&quot;size&quot;:&quot;&quot;,&quot;sizes&quot;:[]},&quot;_transform_translateY_effect&quot;:{&quot;unit&quot;:&quot;px&quot;,&quot;size&quot;:&quot;&quot;,&quot;sizes&quot;:[]},&quot;_transform_translateY_effect_tablet&quot;:{&quot;unit&quot;:&quot;px&quot;,&quot;size&quot;:&quot;&quot;,&quot;sizes&quot;:[]}}\" data-widget_type=\"heading.default\">\n\t\t\t\t<div class=\"elementor-widget-container\">\n\t\t\t\t\t<h6 class=\"elementor-heading-title elementor-size-default\">Partne\u0159i z\u00e1vodu<\/h6>\t\t\t\t<\/div>\n\t\t\t\t<\/div>\n\t\t<div class=\"elementor-element elementor-element-38a80faf e-flex e-con-boxed e-con e-child\" data-id=\"38a80faf\" data-element_type=\"container\">\n\t\t\t\t\t<div class=\"e-con-inner\">\n\t\t\t\t<div class=\"elementor-element elementor-element-d8e37c elementor-pagination-type-progressbar animated-slow elementor-skin-carousel elementor-pagination-position-outside elementor-invisible elementor-widget elementor-widget-media-carousel\" data-id=\"d8e37c\" data-element_type=\"widget\" data-settings=\"{&quot;slides_per_view&quot;:&quot;10&quot;,&quot;slides_to_scroll&quot;:&quot;3&quot;,&quot;pagination&quot;:&quot;progressbar&quot;,&quot;speed&quot;:5000,&quot;autoplay_speed&quot;:9000,&quot;lazyload&quot;:&quot;yes&quot;,&quot;space_between&quot;:{&quot;unit&quot;:&quot;px&quot;,&quot;size&quot;:0,&quot;sizes&quot;:[]},&quot;_animation&quot;:&quot;fadeIn&quot;,&quot;slides_per_view_tablet&quot;:&quot;4&quot;,&quot;slides_per_view_mobile&quot;:&quot;3&quot;,&quot;slides_to_scroll_tablet&quot;:&quot;4&quot;,&quot;slides_to_scroll_mobile&quot;:&quot;3&quot;,&quot;space_between_mobile&quot;:{&quot;unit&quot;:&quot;px&quot;,&quot;size&quot;:0,&quot;sizes&quot;:[]},&quot;skin&quot;:&quot;carousel&quot;,&quot;effect&quot;:&quot;slide&quot;,&quot;autoplay&quot;:&quot;yes&quot;,&quot;loop&quot;:&quot;yes&quot;,&quot;pause_on_hover&quot;:&quot;yes&quot;,&quot;pause_on_interaction&quot;:&quot;yes&quot;,&quot;space_between_tablet&quot;:{&quot;unit&quot;:&quot;px&quot;,&quot;size&quot;:10,&quot;sizes&quot;:[]}}\" data-widget_type=\"media-carousel.default\">\n\t\t\t\t<div class=\"elementor-widget-container\">\n\t\t\t\t\t\t\t\t\t<div class=\"elementor-swiper\">\n\t\t\t\t\t<div class=\"elementor-main-swiper swiper\" role=\"region\" aria-roledescription=\"carousel\" aria-label=\"Partners\">\n\t\t\t\t<div class=\"swiper-wrapper\">\n\t\t\t\t\t\t\t\t\t\t\t<div class=\"swiper-slide\" role=\"group\" aria-roledescription=\"slide\">\n\t\t\t\t\t\t\t<a href=\"http:\/\/www.yeda-shop.eu\">\t\t<div class=\"elementor-carousel-image swiper-lazy\" role=\"img\" aria-label=\"yeda shop banner\" data-background=\"https:\/\/rcda.cz\/wp-content\/uploads\/2025\/03\/YEDA-shop-300x86.png\">\n\n\t\t\t\t\t\t\t<div class=\"swiper-lazy-preloader\"><\/div>\n\t\t\t\n\t\t\t\t\t<\/div>\n\t\t<\/a>\t\t\t\t\t\t<\/div>\n\t\t\t\t\t\t\t\t\t\t\t<div class=\"swiper-slide\" role=\"group\" aria-roledescription=\"slide\">\n\t\t\t\t\t\t\t<a href=\"http:\/\/www.rcprofi.cz\">\t\t<div class=\"elementor-carousel-image swiper-lazy\" role=\"img\" aria-label=\"rc profi banner\" data-background=\"https:\/\/rcda.cz\/wp-content\/uploads\/2025\/03\/rcprofi-300x86.png\">\n\n\t\t\t\t\t\t\t<div class=\"swiper-lazy-preloader\"><\/div>\n\t\t\t\n\t\t\t\t\t<\/div>\n\t\t<\/a>\t\t\t\t\t\t<\/div>\n\t\t\t\t\t\t\t\t\t\t\t<div class=\"swiper-slide\" role=\"group\" aria-roledescription=\"slide\">\n\t\t\t\t\t\t\t<a href=\"http:\/\/www.shopping.rc-art.net\">\t\t<div class=\"elementor-carousel-image swiper-lazy\" role=\"img\" aria-label=\"rc-art banner\" data-background=\"https:\/\/rcda.cz\/wp-content\/uploads\/2025\/03\/RC-Art-300x86.png\">\n\n\t\t\t\t\t\t\t<div class=\"swiper-lazy-preloader\"><\/div>\n\t\t\t\n\t\t\t\t\t<\/div>\n\t\t<\/a>\t\t\t\t\t\t<\/div>\n\t\t\t\t\t\t\t\t\t\t\t<div class=\"swiper-slide\" role=\"group\" aria-roledescription=\"slide\">\n\t\t\t\t\t\t\t<a href=\"http:\/\/www.rcdrift.dk\">\t\t<div class=\"elementor-carousel-image swiper-lazy\" role=\"img\" aria-label=\"rcdriftdk\" data-background=\"https:\/\/rcda.cz\/wp-content\/uploads\/2025\/03\/rcdriftdk-300x86.png\">\n\n\t\t\t\t\t\t\t<div class=\"swiper-lazy-preloader\"><\/div>\n\t\t\t\n\t\t\t\t\t<\/div>\n\t\t<\/a>\t\t\t\t\t\t<\/div>\n\t\t\t\t\t\t\t\t\t\t\t<div class=\"swiper-slide\" role=\"group\" aria-roledescription=\"slide\">\n\t\t\t\t\t\t\t<a href=\"http:\/\/www.rcbyte.com\">\t\t<div class=\"elementor-carousel-image swiper-lazy\" role=\"img\" aria-label=\"RCBYTE\" data-background=\"https:\/\/rcda.cz\/wp-content\/uploads\/2025\/03\/RCBYTE-300x86.png\">\n\n\t\t\t\t\t\t\t<div class=\"swiper-lazy-preloader\"><\/div>\n\t\t\t\n\t\t\t\t\t<\/div>\n\t\t<\/a>\t\t\t\t\t\t<\/div>\n\t\t\t\t\t\t\t\t\t\t\t<div class=\"swiper-slide\" role=\"group\" aria-roledescription=\"slide\">\n\t\t\t\t\t\t\t<a href=\"http:\/\/www.mibosport.com\">\t\t<div class=\"elementor-carousel-image swiper-lazy\" role=\"img\" aria-label=\"Mibosport\" data-background=\"https:\/\/rcda.cz\/wp-content\/uploads\/2025\/03\/mibo-300x86.png\">\n\n\t\t\t\t\t\t\t<div class=\"swiper-lazy-preloader\"><\/div>\n\t\t\t\n\t\t\t\t\t<\/div>\n\t\t<\/a>\t\t\t\t\t\t<\/div>\n\t\t\t\t\t\t\t\t\t\t\t<div class=\"swiper-slide\" role=\"group\" aria-roledescription=\"slide\">\n\t\t\t\t\t\t\t<a href=\"http:\/\/www.profimodel.cz\">\t\t<div class=\"elementor-carousel-image swiper-lazy\" role=\"img\" aria-label=\"profimodel domansk\u00fd\" data-background=\"https:\/\/rcda.cz\/wp-content\/uploads\/2025\/03\/domansky-300x86.png\">\n\n\t\t\t\t\t\t\t<div class=\"swiper-lazy-preloader\"><\/div>\n\t\t\t\n\t\t\t\t\t<\/div>\n\t\t<\/a>\t\t\t\t\t\t<\/div>\n\t\t\t\t\t\t\t\t\t<\/div>\n\t\t\t\t\t\t\t\t\t\t\t\t\t\t\t\t\t\t\t\t<div class=\"swiper-pagination\"><\/div>\n\t\t\t\t\t\t\t\t\t\t\t\t<\/div>\n\t\t\t\t<\/div>\n\t\t\t\t\t\t\t\t<\/div>\n\t\t\t\t<\/div>\n\t\t\t\t\t<\/div>\n\t\t\t\t<\/div>\n\t\t\t\t<\/div>\n\t\t<div class=\"elementor-element elementor-element-c780f20 e-con-full e-flex e-con e-parent\" data-id=\"c780f20\" data-element_type=\"container\">\n\t\t\t\t<div class=\"elementor-element elementor-element-1fbd2910 elementor-widget-divider--view-line elementor-widget elementor-widget-divider\" data-id=\"1fbd2910\" data-element_type=\"widget\" data-widget_type=\"divider.default\">\n\t\t\t\t<div class=\"elementor-widget-container\">\n\t\t\t\t\t\t\t<div class=\"elementor-divider\">\n\t\t\t<span class=\"elementor-divider-separator\">\n\t\t\t\t\t\t<\/span>\n\t\t<\/div>\n\t\t\t\t\t\t<\/div>\n\t\t\t\t<\/div>\n\t\t\t\t<\/div>\n\t\t<div class=\"elementor-element elementor-element-514228b2 e-con-full e-flex e-con e-parent\" data-id=\"514228b2\" data-element_type=\"container\">\n\t\t\t\t<div class=\"elementor-element elementor-element-1fc269e9 elementor-widget elementor-widget-heading\" data-id=\"1fc269e9\" data-element_type=\"widget\" data-widget_type=\"heading.default\">\n\t\t\t\t<div class=\"elementor-widget-container\">\n\t\t\t\t\t<h2 class=\"elementor-heading-title elementor-size-default\">Registrace bude spu\u0161t\u011bna 30.09.2026<\/h2>\t\t\t\t<\/div>\n\t\t\t\t<\/div>\n\t\t\t\t<\/div>\n\t\t<div class=\"elementor-element elementor-element-2709f66 e-con-full e-flex e-con e-parent\" data-id=\"2709f66\" data-element_type=\"container\">\n\t\t\t\t<div class=\"elementor-element elementor-element-2e0df49c elementor-widget-divider--view-line elementor-widget elementor-widget-divider\" data-id=\"2e0df49c\" data-element_type=\"widget\" data-widget_type=\"divider.default\">\n\t\t\t\t<div class=\"elementor-widget-container\">\n\t\t\t\t\t\t\t<div class=\"elementor-divider\">\n\t\t\t<span class=\"elementor-divider-separator\">\n\t\t\t\t\t\t<\/span>\n\t\t<\/div>\n\t\t\t\t\t\t<\/div>\n\t\t\t\t<\/div>\n\t\t\t\t<\/div>\n\t\t\t\t<\/div>","protected":false},"excerpt":{"rendered":"<p>2026 &#8211; ROUND 5 Partne\u0159i z\u00e1vodu Registrace bude spu\u0161t\u011bna 30.09.2026<\/p>","protected":false},"author":1,"featured_media":0,"parent":0,"menu_order":0,"comment_status":"closed","ping_status":"closed","template":"","meta":{"footnotes":""},"class_list":["post-1549","page","type-page","status-publish","hentry"],"yoast_head":"<!-- This site is optimized with the Yoast SEO plugin v25.7 - https:\/\/yoast.com\/wordpress\/plugins\/seo\/ -->\n<title>2026 - ROUND 5 - rcda.cz<\/title>\n<meta name=\"description\" content=\"P\u00e1t\u00e9 kolo RC drift \u0161ampion\u00e1tu RDC 2026 je tady! Sledujte info o z\u00e1vodu, jezdc\u00edch a v\u00fdsledc\u00edch \u2013 v\u0161e p\u0159ehledn\u011b a na jednom m\u00edst\u011b.\" \/>\n<meta name=\"robots\" content=\"index, follow, max-snippet:-1, max-image-preview:large, max-video-preview:-1\" \/>\n<link rel=\"canonical\" href=\"https:\/\/rcda.cz\/en\/2026-round-5\/\" \/>\n<meta property=\"og:locale\" content=\"en_GB\" \/>\n<meta property=\"og:type\" content=\"article\" \/>\n<meta property=\"og:title\" content=\"2026 - ROUND 5 - rcda.cz\" \/>\n<meta property=\"og:description\" content=\"P\u00e1t\u00e9 kolo RC drift \u0161ampion\u00e1tu RDC 2026 je tady! Sledujte info o z\u00e1vodu, jezdc\u00edch a v\u00fdsledc\u00edch \u2013 v\u0161e p\u0159ehledn\u011b a na jednom m\u00edst\u011b.\" \/>\n<meta property=\"og:url\" content=\"https:\/\/rcda.cz\/en\/2026-round-5\/\" \/>\n<meta property=\"og:site_name\" content=\"rcda.cz\" \/>\n<meta property=\"article:publisher\" content=\"https:\/\/www.facebook.com\/profile.php?id=61572646910430\" \/>\n<meta property=\"article:modified_time\" content=\"2026-03-01T10:04:24+00:00\" \/>\n<meta property=\"og:image\" content=\"https:\/\/rcda.cz\/wp-content\/uploads\/2025\/02\/cropped-logo_RCDA_rdc.png\" \/>\n\t<meta property=\"og:image:width\" content=\"512\" \/>\n\t<meta property=\"og:image:height\" content=\"512\" \/>\n\t<meta property=\"og:image:type\" content=\"image\/png\" \/>\n<meta name=\"twitter:card\" content=\"summary_large_image\" \/>\n<meta name=\"twitter:label1\" content=\"Estimated reading time\" \/>\n\t<meta name=\"twitter:data1\" content=\"1 minute\" \/>\n<script type=\"application\/ld+json\" class=\"yoast-schema-graph\">{\"@context\":\"https:\/\/schema.org\",\"@graph\":[{\"@type\":\"WebPage\",\"@id\":\"https:\/\/rcda.cz\/2026-round-5\/\",\"url\":\"https:\/\/rcda.cz\/2026-round-5\/\",\"name\":\"2026 - ROUND 5 - rcda.cz\",\"isPartOf\":{\"@id\":\"https:\/\/rcda.cz\/#website\"},\"primaryImageOfPage\":{\"@id\":\"https:\/\/rcda.cz\/2026-round-5\/#primaryimage\"},\"image\":{\"@id\":\"https:\/\/rcda.cz\/2026-round-5\/#primaryimage\"},\"thumbnailUrl\":\"https:\/\/rcda.cz\/wp-content\/uploads\/2025\/02\/rdc_svg.svg\",\"datePublished\":\"2026-03-01T09:47:10+00:00\",\"dateModified\":\"2026-03-01T10:04:24+00:00\",\"description\":\"P\u00e1t\u00e9 kolo RC drift \u0161ampion\u00e1tu RDC 2026 je tady! Sledujte info o z\u00e1vodu, jezdc\u00edch a v\u00fdsledc\u00edch \u2013 v\u0161e p\u0159ehledn\u011b a na jednom m\u00edst\u011b.\",\"breadcrumb\":{\"@id\":\"https:\/\/rcda.cz\/2026-round-5\/#breadcrumb\"},\"inLanguage\":\"en-GB\",\"potentialAction\":[{\"@type\":\"ReadAction\",\"target\":[\"https:\/\/rcda.cz\/2026-round-5\/\"]}]},{\"@type\":\"ImageObject\",\"inLanguage\":\"en-GB\",\"@id\":\"https:\/\/rcda.cz\/2026-round-5\/#primaryimage\",\"url\":\"https:\/\/rcda.cz\/wp-content\/uploads\/2025\/02\/rdc_svg.svg\",\"contentUrl\":\"https:\/\/rcda.cz\/wp-content\/uploads\/2025\/02\/rdc_svg.svg\"},{\"@type\":\"BreadcrumbList\",\"@id\":\"https:\/\/rcda.cz\/2026-round-5\/#breadcrumb\",\"itemListElement\":[{\"@type\":\"ListItem\",\"position\":1,\"name\":\"Dom\u016f\",\"item\":\"https:\/\/rcda.cz\/\"},{\"@type\":\"ListItem\",\"position\":2,\"name\":\"2026 &#8211; ROUND 5\"}]},{\"@type\":\"WebSite\",\"@id\":\"https:\/\/rcda.cz\/#website\",\"url\":\"https:\/\/rcda.cz\/\",\"name\":\"rcda.cz\",\"description\":\"Domov \u010desk\u00e9ho RC driftov\u00e9ho \u0161ampion\u00e1tu RDC, organizovan\u00e9ho pod z\u00e1\u0161titou RCDA - RC Drift Association\",\"publisher\":{\"@id\":\"https:\/\/rcda.cz\/#\/schema\/person\/70bb008124270680c28c1bf5ea4ca160\"},\"potentialAction\":[{\"@type\":\"SearchAction\",\"target\":{\"@type\":\"EntryPoint\",\"urlTemplate\":\"https:\/\/rcda.cz\/?s={search_term_string}\"},\"query-input\":{\"@type\":\"PropertyValueSpecification\",\"valueRequired\":true,\"valueName\":\"search_term_string\"}}],\"inLanguage\":\"en-GB\"},{\"@type\":[\"Person\",\"Organization\"],\"@id\":\"https:\/\/rcda.cz\/#\/schema\/person\/70bb008124270680c28c1bf5ea4ca160\",\"name\":\"rcdacz\",\"image\":{\"@type\":\"ImageObject\",\"inLanguage\":\"en-GB\",\"@id\":\"https:\/\/rcda.cz\/#\/schema\/person\/image\/\",\"url\":\"https:\/\/rcda.cz\/wp-content\/uploads\/2025\/02\/rcda_svg.svg\",\"contentUrl\":\"https:\/\/rcda.cz\/wp-content\/uploads\/2025\/02\/rcda_svg.svg\",\"width\":1,\"height\":1,\"caption\":\"rcdacz\"},\"logo\":{\"@id\":\"https:\/\/rcda.cz\/#\/schema\/person\/image\/\"},\"sameAs\":[\"http:\/\/localhost\/wordpress\",\"https:\/\/www.facebook.com\/profile.php?id=61572646910430\",\"https:\/\/www.instagram.com\/rcda_official\/\"]}]}<\/script>\n<!-- \/ Yoast SEO plugin. -->","yoast_head_json":{"title":"2026 - ROUND 5 - rcda.cz","description":"P\u00e1t\u00e9 kolo RC drift \u0161ampion\u00e1tu RDC 2026 je tady! Sledujte info o z\u00e1vodu, jezdc\u00edch a v\u00fdsledc\u00edch \u2013 v\u0161e p\u0159ehledn\u011b a na jednom m\u00edst\u011b.","robots":{"index":"index","follow":"follow","max-snippet":"max-snippet:-1","max-image-preview":"max-image-preview:large","max-video-preview":"max-video-preview:-1"},"canonical":"https:\/\/rcda.cz\/en\/2026-round-5\/","og_locale":"en_GB","og_type":"article","og_title":"2026 - ROUND 5 - rcda.cz","og_description":"P\u00e1t\u00e9 kolo RC drift \u0161ampion\u00e1tu RDC 2026 je tady! Sledujte info o z\u00e1vodu, jezdc\u00edch a v\u00fdsledc\u00edch \u2013 v\u0161e p\u0159ehledn\u011b a na jednom m\u00edst\u011b.","og_url":"https:\/\/rcda.cz\/en\/2026-round-5\/","og_site_name":"rcda.cz","article_publisher":"https:\/\/www.facebook.com\/profile.php?id=61572646910430","article_modified_time":"2026-03-01T10:04:24+00:00","og_image":[{"width":512,"height":512,"url":"https:\/\/rcda.cz\/wp-content\/uploads\/2025\/02\/cropped-logo_RCDA_rdc.png","type":"image\/png"}],"twitter_card":"summary_large_image","twitter_misc":{"Estimated reading time":"1 minute"},"schema":{"@context":"https:\/\/schema.org","@graph":[{"@type":"WebPage","@id":"https:\/\/rcda.cz\/2026-round-5\/","url":"https:\/\/rcda.cz\/2026-round-5\/","name":"2026 - ROUND 5 - rcda.cz","isPartOf":{"@id":"https:\/\/rcda.cz\/#website"},"primaryImageOfPage":{"@id":"https:\/\/rcda.cz\/2026-round-5\/#primaryimage"},"image":{"@id":"https:\/\/rcda.cz\/2026-round-5\/#primaryimage"},"thumbnailUrl":"https:\/\/rcda.cz\/wp-content\/uploads\/2025\/02\/rdc_svg.svg","datePublished":"2026-03-01T09:47:10+00:00","dateModified":"2026-03-01T10:04:24+00:00","description":"P\u00e1t\u00e9 kolo RC drift \u0161ampion\u00e1tu RDC 2026 je tady! Sledujte info o z\u00e1vodu, jezdc\u00edch a v\u00fdsledc\u00edch \u2013 v\u0161e p\u0159ehledn\u011b a na jednom m\u00edst\u011b.","breadcrumb":{"@id":"https:\/\/rcda.cz\/2026-round-5\/#breadcrumb"},"inLanguage":"en-GB","potentialAction":[{"@type":"ReadAction","target":["https:\/\/rcda.cz\/2026-round-5\/"]}]},{"@type":"ImageObject","inLanguage":"en-GB","@id":"https:\/\/rcda.cz\/2026-round-5\/#primaryimage","url":"https:\/\/rcda.cz\/wp-content\/uploads\/2025\/02\/rdc_svg.svg","contentUrl":"https:\/\/rcda.cz\/wp-content\/uploads\/2025\/02\/rdc_svg.svg"},{"@type":"BreadcrumbList","@id":"https:\/\/rcda.cz\/2026-round-5\/#breadcrumb","itemListElement":[{"@type":"ListItem","position":1,"name":"Dom\u016f","item":"https:\/\/rcda.cz\/"},{"@type":"ListItem","position":2,"name":"2026 &#8211; ROUND 5"}]},{"@type":"WebSite","@id":"https:\/\/rcda.cz\/#website","url":"https:\/\/rcda.cz\/","name":"rcda.cz","description":"Domov \u010desk\u00e9ho RC driftov\u00e9ho \u0161ampion\u00e1tu RDC, organizovan\u00e9ho pod z\u00e1\u0161titou RCDA - RC Drift Association","publisher":{"@id":"https:\/\/rcda.cz\/#\/schema\/person\/70bb008124270680c28c1bf5ea4ca160"},"potentialAction":[{"@type":"SearchAction","target":{"@type":"EntryPoint","urlTemplate":"https:\/\/rcda.cz\/?s={search_term_string}"},"query-input":{"@type":"PropertyValueSpecification","valueRequired":true,"valueName":"search_term_string"}}],"inLanguage":"en-GB"},{"@type":["Person","Organization"],"@id":"https:\/\/rcda.cz\/#\/schema\/person\/70bb008124270680c28c1bf5ea4ca160","name":"rcdacz","image":{"@type":"ImageObject","inLanguage":"en-GB","@id":"https:\/\/rcda.cz\/#\/schema\/person\/image\/","url":"https:\/\/rcda.cz\/wp-content\/uploads\/2025\/02\/rcda_svg.svg","contentUrl":"https:\/\/rcda.cz\/wp-content\/uploads\/2025\/02\/rcda_svg.svg","width":1,"height":1,"caption":"rcdacz"},"logo":{"@id":"https:\/\/rcda.cz\/#\/schema\/person\/image\/"},"sameAs":["http:\/\/localhost\/wordpress","https:\/\/www.facebook.com\/profile.php?id=61572646910430","https:\/\/www.instagram.com\/rcda_official\/"]}]}},"_links":{"self":[{"href":"https:\/\/rcda.cz\/en\/wp-json\/wp\/v2\/pages\/1549","targetHints":{"allow":["GET"]}}],"collection":[{"href":"https:\/\/rcda.cz\/en\/wp-json\/wp\/v2\/pages"}],"about":[{"href":"https:\/\/rcda.cz\/en\/wp-json\/wp\/v2\/types\/page"}],"author":[{"embeddable":true,"href":"https:\/\/rcda.cz\/en\/wp-json\/wp\/v2\/users\/1"}],"replies":[{"embeddable":true,"href":"https:\/\/rcda.cz\/en\/wp-json\/wp\/v2\/comments?post=1549"}],"version-history":[{"count":7,"href":"https:\/\/rcda.cz\/en\/wp-json\/wp\/v2\/pages\/1549\/revisions"}],"predecessor-version":[{"id":1571,"href":"https:\/\/rcda.cz\/en\/wp-json\/wp\/v2\/pages\/1549\/revisions\/1571"}],"wp:attachment":[{"href":"https:\/\/rcda.cz\/en\/wp-json\/wp\/v2\/media?parent=1549"}],"curies":[{"name":"wp","href":"https:\/\/api.w.org\/{rel}","templated":true}]}}