{"id":333,"date":"2025-03-17T19:54:56","date_gmt":"2025-03-17T19:54:56","guid":{"rendered":"http:\/\/rcda.cz\/?page_id=333"},"modified":"2025-03-21T17:37:29","modified_gmt":"2025-03-21T17:37:29","slug":"2023-round-1","status":"publish","type":"page","link":"https:\/\/rcda.cz\/en\/2023-round-1\/","title":{"rendered":"2023 &#8211; ROUND 1"},"content":{"rendered":"<div data-elementor-type=\"wp-page\" data-elementor-id=\"333\" class=\"elementor elementor-333\" data-elementor-post-type=\"page\">\n\t\t\t\t<div class=\"elementor-element elementor-element-6b3a6d5e e-con-full e-flex e-con e-parent\" data-id=\"6b3a6d5e\" data-element_type=\"container\" data-settings=\"{&quot;background_background&quot;:&quot;classic&quot;}\">\n\t\t\t\t<div class=\"elementor-element elementor-element-4b7d6296 elementor-widget elementor-widget-image\" data-id=\"4b7d6296\" data-element_type=\"widget\" data-widget_type=\"image.default\">\n\t\t\t\t<div class=\"elementor-widget-container\">\n\t\t\t\t\t\t\t\t\t\t\t\t\t\t\t<img decoding=\"async\" src=\"https:\/\/rcda.cz\/wp-content\/uploads\/2025\/02\/rdc_svg.svg\" class=\"attachment-full size-full wp-image-553\" alt=\"\" \/>\t\t\t\t\t\t\t\t\t\t\t\t\t\t\t<\/div>\n\t\t\t\t<\/div>\n\t\t\t\t<div class=\"elementor-element elementor-element-5db296f elementor-widget-mobile__width-inherit elementor-widget elementor-widget-heading\" data-id=\"5db296f\" data-element_type=\"widget\" data-widget_type=\"heading.default\">\n\t\t\t\t<div class=\"elementor-widget-container\">\n\t\t\t\t\t<h2 class=\"elementor-heading-title elementor-size-default\">2023 - ROUND 1<\/h2>\t\t\t\t<\/div>\n\t\t\t\t<\/div>\n\t\t\t\t<div class=\"elementor-element elementor-element-185e61cf elementor-widget elementor-widget-heading\" data-id=\"185e61cf\" data-element_type=\"widget\" data-widget_type=\"heading.default\">\n\t\t\t\t<div class=\"elementor-widget-container\">\n\t\t\t\t\t<h6 class=\"elementor-heading-title elementor-size-default\">Partne\u0159i z\u00e1vodu<\/h6>\t\t\t\t<\/div>\n\t\t\t\t<\/div>\n\t\t\t\t<div class=\"elementor-element elementor-element-30001f99 elementor-pagination-type-progressbar animated-slow elementor-skin-carousel elementor-pagination-position-outside elementor-invisible elementor-widget elementor-widget-media-carousel\" data-id=\"30001f99\" data-element_type=\"widget\" data-settings=\"{&quot;slides_per_view&quot;:&quot;10&quot;,&quot;slides_to_scroll&quot;:&quot;3&quot;,&quot;pagination&quot;:&quot;progressbar&quot;,&quot;speed&quot;:5000,&quot;autoplay_speed&quot;:9000,&quot;lazyload&quot;:&quot;yes&quot;,&quot;space_between&quot;:{&quot;unit&quot;:&quot;px&quot;,&quot;size&quot;:0,&quot;sizes&quot;:[]},&quot;_animation&quot;:&quot;fadeIn&quot;,&quot;slides_per_view_tablet&quot;:&quot;4&quot;,&quot;slides_per_view_mobile&quot;:&quot;3&quot;,&quot;slides_to_scroll_tablet&quot;:&quot;4&quot;,&quot;slides_to_scroll_mobile&quot;:&quot;3&quot;,&quot;skin&quot;:&quot;carousel&quot;,&quot;effect&quot;:&quot;slide&quot;,&quot;autoplay&quot;:&quot;yes&quot;,&quot;loop&quot;:&quot;yes&quot;,&quot;pause_on_hover&quot;:&quot;yes&quot;,&quot;pause_on_interaction&quot;:&quot;yes&quot;,&quot;space_between_tablet&quot;:{&quot;unit&quot;:&quot;px&quot;,&quot;size&quot;:10,&quot;sizes&quot;:[]},&quot;space_between_mobile&quot;:{&quot;unit&quot;:&quot;px&quot;,&quot;size&quot;:10,&quot;sizes&quot;:[]}}\" data-widget_type=\"media-carousel.default\">\n\t\t\t\t<div class=\"elementor-widget-container\">\n\t\t\t\t\t\t\t\t\t<div class=\"elementor-swiper\">\n\t\t\t\t\t<div class=\"elementor-main-swiper swiper\" role=\"region\" aria-roledescription=\"carousel\" aria-label=\"Partners\">\n\t\t\t\t<div class=\"swiper-wrapper\">\n\t\t\t\t\t\t\t\t\t\t\t<div class=\"swiper-slide\" role=\"group\" aria-roledescription=\"slide\">\n\t\t\t\t\t\t\t<a href=\"http:\/\/www.skidpad.one\">\t\t<div class=\"elementor-carousel-image swiper-lazy\" role=\"img\" aria-label=\"skidpad one global rc drifting community\" data-background=\"https:\/\/rcda.cz\/wp-content\/uploads\/2025\/03\/skidpad-300x86.png\">\n\n\t\t\t\t\t\t\t<div class=\"swiper-lazy-preloader\"><\/div>\n\t\t\t\n\t\t\t\t\t<\/div>\n\t\t<\/a>\t\t\t\t\t\t<\/div>\n\t\t\t\t\t\t\t\t\t\t\t<div class=\"swiper-slide\" role=\"group\" aria-roledescription=\"slide\">\n\t\t\t\t\t\t\t<a href=\"http:\/\/www.yeda-shop.eu\">\t\t<div class=\"elementor-carousel-image swiper-lazy\" role=\"img\" aria-label=\"yeda shop banner\" data-background=\"https:\/\/rcda.cz\/wp-content\/uploads\/2025\/03\/YEDA-shop-300x86.png\">\n\n\t\t\t\t\t\t\t<div class=\"swiper-lazy-preloader\"><\/div>\n\t\t\t\n\t\t\t\t\t<\/div>\n\t\t<\/a>\t\t\t\t\t\t<\/div>\n\t\t\t\t\t\t\t\t\t\t\t<div class=\"swiper-slide\" role=\"group\" aria-roledescription=\"slide\">\n\t\t\t\t\t\t\t<a href=\"http:\/\/www.s-polytec.com\">\t\t<div class=\"elementor-carousel-image swiper-lazy\" role=\"img\" aria-label=\"Spolytec\" data-background=\"https:\/\/rcda.cz\/wp-content\/uploads\/2025\/03\/Spolytec-300x86.png\">\n\n\t\t\t\t\t\t\t<div class=\"swiper-lazy-preloader\"><\/div>\n\t\t\t\n\t\t\t\t\t<\/div>\n\t\t<\/a>\t\t\t\t\t\t<\/div>\n\t\t\t\t\t\t\t\t\t\t\t<div class=\"swiper-slide\" role=\"group\" aria-roledescription=\"slide\">\n\t\t\t\t\t\t\t<a href=\"http:\/\/www.rcprofi.cz\">\t\t<div class=\"elementor-carousel-image swiper-lazy\" role=\"img\" aria-label=\"rc profi banner\" data-background=\"https:\/\/rcda.cz\/wp-content\/uploads\/2025\/03\/rcprofi-300x86.png\">\n\n\t\t\t\t\t\t\t<div class=\"swiper-lazy-preloader\"><\/div>\n\t\t\t\n\t\t\t\t\t<\/div>\n\t\t<\/a>\t\t\t\t\t\t<\/div>\n\t\t\t\t\t\t\t\t\t\t\t<div class=\"swiper-slide\" role=\"group\" aria-roledescription=\"slide\">\n\t\t\t\t\t\t\t<a href=\"http:\/\/www.rcdrift.dk\">\t\t<div class=\"elementor-carousel-image swiper-lazy\" role=\"img\" aria-label=\"rcdriftdk\" data-background=\"https:\/\/rcda.cz\/wp-content\/uploads\/2025\/03\/rcdriftdk-300x86.png\">\n\n\t\t\t\t\t\t\t<div class=\"swiper-lazy-preloader\"><\/div>\n\t\t\t\n\t\t\t\t\t<\/div>\n\t\t<\/a>\t\t\t\t\t\t<\/div>\n\t\t\t\t\t\t\t\t\t\t\t<div class=\"swiper-slide\" role=\"group\" aria-roledescription=\"slide\">\n\t\t\t\t\t\t\t<a href=\"http:\/\/www.shopping.rc-art.net\">\t\t<div class=\"elementor-carousel-image swiper-lazy\" role=\"img\" aria-label=\"rc-art banner\" data-background=\"https:\/\/rcda.cz\/wp-content\/uploads\/2025\/03\/RC-Art-300x86.png\">\n\n\t\t\t\t\t\t\t<div class=\"swiper-lazy-preloader\"><\/div>\n\t\t\t\n\t\t\t\t\t<\/div>\n\t\t<\/a>\t\t\t\t\t\t<\/div>\n\t\t\t\t\t\t\t\t\t\t\t<div class=\"swiper-slide\" role=\"group\" aria-roledescription=\"slide\">\n\t\t\t\t\t\t\t<a href=\"http:\/\/www.rcbyte.com\">\t\t<div class=\"elementor-carousel-image swiper-lazy\" role=\"img\" aria-label=\"RCBYTE\" data-background=\"https:\/\/rcda.cz\/wp-content\/uploads\/2025\/03\/RCBYTE-300x86.png\">\n\n\t\t\t\t\t\t\t<div class=\"swiper-lazy-preloader\"><\/div>\n\t\t\t\n\t\t\t\t\t<\/div>\n\t\t<\/a>\t\t\t\t\t\t<\/div>\n\t\t\t\t\t\t\t\t\t\t\t<div class=\"swiper-slide\" role=\"group\" aria-roledescription=\"slide\">\n\t\t\t\t\t\t\t<a href=\"http:\/\/www.mibosport.com\">\t\t<div class=\"elementor-carousel-image swiper-lazy\" role=\"img\" aria-label=\"Mibosport\" data-background=\"https:\/\/rcda.cz\/wp-content\/uploads\/2025\/03\/mibo-300x86.png\">\n\n\t\t\t\t\t\t\t<div class=\"swiper-lazy-preloader\"><\/div>\n\t\t\t\n\t\t\t\t\t<\/div>\n\t\t<\/a>\t\t\t\t\t\t<\/div>\n\t\t\t\t\t\t\t\t\t\t\t<div class=\"swiper-slide\" role=\"group\" aria-roledescription=\"slide\">\n\t\t\t\t\t\t\t<a href=\"http:\/\/www.profimodel.cz\">\t\t<div class=\"elementor-carousel-image swiper-lazy\" role=\"img\" aria-label=\"profimodel domansk\u00fd\" data-background=\"https:\/\/rcda.cz\/wp-content\/uploads\/2025\/03\/domansky-300x86.png\">\n\n\t\t\t\t\t\t\t<div class=\"swiper-lazy-preloader\"><\/div>\n\t\t\t\n\t\t\t\t\t<\/div>\n\t\t<\/a>\t\t\t\t\t\t<\/div>\n\t\t\t\t\t\t\t\t\t<\/div>\n\t\t\t\t\t\t\t\t\t\t\t\t\t\t\t\t\t\t\t\t<div class=\"swiper-pagination\"><\/div>\n\t\t\t\t\t\t\t\t\t\t\t\t<\/div>\n\t\t\t\t<\/div>\n\t\t\t\t\t\t\t\t<\/div>\n\t\t\t\t<\/div>\n\t\t\t\t<\/div>\n\t\t<div class=\"elementor-element elementor-element-250e0523 e-con-full e-flex e-con e-parent\" data-id=\"250e0523\" data-element_type=\"container\" id=\"next\" data-settings=\"{&quot;background_background&quot;:&quot;classic&quot;}\">\n\t\t\t\t<div class=\"elementor-element elementor-element-18e4761 elementor-widget-divider--view-line elementor-widget elementor-widget-divider\" data-id=\"18e4761\" data-element_type=\"widget\" data-widget_type=\"divider.default\">\n\t\t\t\t<div class=\"elementor-widget-container\">\n\t\t\t\t\t\t\t<div class=\"elementor-divider\">\n\t\t\t<span class=\"elementor-divider-separator\">\n\t\t\t\t\t\t<\/span>\n\t\t<\/div>\n\t\t\t\t\t\t<\/div>\n\t\t\t\t<\/div>\n\t\t\t\t<div class=\"elementor-element elementor-element-8d145ce elementor-widget elementor-widget-heading\" data-id=\"8d145ce\" data-element_type=\"widget\" data-widget_type=\"heading.default\">\n\t\t\t\t<div class=\"elementor-widget-container\">\n\t\t\t\t\t<h2 class=\"elementor-heading-title elementor-size-default\">Event's information<\/h2>\t\t\t\t<\/div>\n\t\t\t\t<\/div>\n\t\t\t\t<\/div>\n\t\t<div class=\"elementor-element elementor-element-471150e e-con-full e-flex e-con e-parent\" data-id=\"471150e\" data-element_type=\"container\" data-settings=\"{&quot;background_background&quot;:&quot;classic&quot;}\">\n\t\t\t\t<div class=\"elementor-element elementor-element-6548e795 elementor-widget elementor-widget-image\" data-id=\"6548e795\" data-element_type=\"widget\" data-widget_type=\"image.default\">\n\t\t\t\t<div class=\"elementor-widget-container\">\n\t\t\t\t\t\t\t\t\t\t\t\t\t\t\t<img fetchpriority=\"high\" decoding=\"async\" width=\"768\" height=\"1085\" src=\"https:\/\/rcda.cz\/wp-content\/uploads\/2025\/03\/RDC23_R1_flyer-768x1085.webp\" class=\"attachment-medium_large size-medium_large wp-image-495\" alt=\"\" srcset=\"https:\/\/rcda.cz\/wp-content\/uploads\/2025\/03\/RDC23_R1_flyer-768x1085.webp 768w, https:\/\/rcda.cz\/wp-content\/uploads\/2025\/03\/RDC23_R1_flyer-212x300.webp 212w, https:\/\/rcda.cz\/wp-content\/uploads\/2025\/03\/RDC23_R1_flyer-725x1024.webp 725w, https:\/\/rcda.cz\/wp-content\/uploads\/2025\/03\/RDC23_R1_flyer-1087x1536.webp 1087w, https:\/\/rcda.cz\/wp-content\/uploads\/2025\/03\/RDC23_R1_flyer.webp 1123w\" sizes=\"(max-width: 768px) 100vw, 768px\" \/>\t\t\t\t\t\t\t\t\t\t\t\t\t\t\t<\/div>\n\t\t\t\t<\/div>\n\t\t\t\t<\/div>\n\t\t<div class=\"elementor-element elementor-element-6dc9d145 e-con-full e-flex e-con e-parent\" data-id=\"6dc9d145\" data-element_type=\"container\" data-settings=\"{&quot;background_background&quot;:&quot;classic&quot;}\">\n\t\t\t\t<div class=\"elementor-element elementor-element-77f70153 elementor-widget-divider--view-line elementor-widget elementor-widget-divider\" data-id=\"77f70153\" data-element_type=\"widget\" data-widget_type=\"divider.default\">\n\t\t\t\t<div class=\"elementor-widget-container\">\n\t\t\t\t\t\t\t<div class=\"elementor-divider\">\n\t\t\t<span class=\"elementor-divider-separator\">\n\t\t\t\t\t\t<\/span>\n\t\t<\/div>\n\t\t\t\t\t\t<\/div>\n\t\t\t\t<\/div>\n\t\t\t\t<\/div>\n\t\t<div class=\"elementor-element elementor-element-32972898 e-flex e-con-boxed e-con e-parent\" data-id=\"32972898\" data-element_type=\"container\" data-settings=\"{&quot;background_background&quot;:&quot;classic&quot;}\">\n\t\t\t\t\t<div class=\"e-con-inner\">\n\t\t\t\t<div class=\"elementor-element elementor-element-352b58a elementor-widget elementor-widget-text-editor\" data-id=\"352b58a\" data-element_type=\"widget\" data-widget_type=\"text-editor.default\">\n\t\t\t\t<div class=\"elementor-widget-container\">\n\t\t\t\t\t\t\t\t\t<p>V\u00fdsledky:\u00a0 \u00a0 \u00a0 \u00a0 \u00a0 \u00a0 \u00a0 \u00a0 \u00a0 \u00a0 \u00a0 \u00a0 \u00a0 \u00a0 \u00a0 \u00a0Body do Championship<\/p><p>1 . Michael Vater\u00a0 \u00a0 \u00a0 \u00a0 \u00a0 \u00a0 \u00a0 \u00a0 \u00a0 \u00a0 \u00a0 \u00a0 \u00a0100 bod\u016f<br \/>2. Martin \u010c\u00e1slava(Trochen)\u00a0 \u00a0 \u00a0 \u00a0 \u00a080 bod\u016f<br \/>3.\u00a0 Jirka Mikul\u00edk\u00a0 \u00a0 \u00a0 \u00a0 \u00a0 \u00a0 \u00a0 \u00a0 \u00a0 \u00a0 \u00a0 \u00a0 \u00a0 \u00a064\u00a0bod\u016f<br \/>4.\u00a0 Filip \u010cern\u00fd\u00a0 \u00a0 \u00a0 \u00a0 \u00a0 \u00a0 \u00a0 \u00a0 \u00a0 \u00a0 \u00a0 \u00a0 \u00a0 \u00a0 \u00a0 56\u00a0bod\u016f<br \/>5.\u00a0 Jan Smr\u010dka\u00a0 \u00a0 \u00a0 \u00a0 \u00a0 \u00a0 \u00a0 \u00a0 \u00a0 \u00a0 \u00a0 \u00a0 \u00a0 \u00a0 48\u00a0bod\u016f<br \/>6.\u00a0 Lud\u011bk Odstr\u010dil\u00a0 \u00a0 \u00a0 \u00a0 \u00a0 \u00a0 \u00a0 \u00a0 \u00a0 \u00a0 \u00a0 \u00a044\u00a0bod\u016f<br \/>7.\u00a0 Jan Vacek\u00a0 \u00a0 \u00a0 \u00a0 \u00a0 \u00a0 \u00a0 \u00a0 \u00a0 \u00a0 \u00a0 \u00a0 \u00a0 \u00a0 \u00a0 \u00a040\u00a0bod\u016f<br \/>8. Kamil Krac\u00edk\u00a0 \u00a0 \u00a0 \u00a0 \u00a0 \u00a0 \u00a0 \u00a0 \u00a0 \u00a0 \u00a0 \u00a0 \u00a0 \u00a0 36\u00a0bod\u016f<br \/>9.\u00a0 Andr\u00e9\u00e9 Toul\u00a0 \u00a0 \u00a0 \u00a0 \u00a0 \u00a0 \u00a0 \u00a0 \u00a0 \u00a0 \u00a0 \u00a0 \u00a0 \u00a032\u00a0bod\u016f<br \/>10. Jan V\u00edtovec\u00a0 \u00a0 \u00a0 \u00a0 \u00a0 \u00a0 \u00a0 \u00a0 \u00a0 \u00a0 \u00a0 \u00a0 \u00a0 \u00a0 30\u00a0bod\u016f<br \/>11.\u00a0 Michal Ocelak\u00a0 \u00a0 \u00a0 \u00a0 \u00a0 \u00a0 \u00a0 \u00a0 \u00a0 \u00a0 \u00a0 \u00a0 28\u00a0bod\u016f<br \/>12.\u00a0 Petr F\u00e9\u0148a Fencl\u00a0 \u00a0 \u00a0 \u00a0 \u00a0 \u00a0 \u00a0 \u00a0 \u00a0 \u00a0 26\u00a0bod\u016f<br \/>13.\u00a0 Marek V\u00e1gner\u00a0 \u00a0 \u00a0 \u00a0 \u00a0 \u00a0 \u00a0 \u00a0 \u00a0 \u00a0 \u00a0 \u00a024\u00a0bod\u016f<br \/>14.\u00a0 Lucas Li\u010dka\u00a0 \u00a0 \u00a0 \u00a0 \u00a0 \u00a0 \u00a0 \u00a0 \u00a0 \u00a0 \u00a0 \u00a0 \u00a0 \u00a022\u00a0bod\u016f<br \/>15 Pavel \u0160uffner\u00a0 \u00a0 \u00a0 \u00a0 \u00a0 \u00a0 \u00a0 \u00a0 \u00a0 \u00a0 \u00a0 \u00a0 \u00a0 20\u00a0bod\u016f<br \/>16.\u00a0 Petr G\u00e1l\u00a0 \u00a0 \u00a0 \u00a0 \u00a0 \u00a0 \u00a0 \u00a0 \u00a0 \u00a0 \u00a0 \u00a0 \u00a0 \u00a0 \u00a0 \u00a0 \u00a018\u00a0bod\u016f<br \/>17.\u00a0 Marek St\u00e1\u0148a\u00a0 \u00a0 \u00a0 \u00a0 \u00a0 \u00a0 \u00a0 \u00a0 \u00a0 \u00a0 \u00a0 \u00a0 \u00a0 16\u00a0bod\u016f<br \/>18.\u00a0 V\u00e1clav Jire\u0161\u00a0 \u00a0 \u00a0 \u00a0 \u00a0 \u00a0 \u00a0 \u00a0 \u00a0 \u00a0 \u00a0 \u00a0 \u00a0 \u00a015\u00a0bod\u016f<br \/>19.\u00a0 Venca T\u00edcha\u00a0 \u00a0 \u00a0 \u00a0 \u00a0 \u00a0 \u00a0 \u00a0 \u00a0 \u00a0 \u00a0 \u00a0 \u00a0 14\u00a0bod\u016f<br \/>20. Zden\u011bk \u0160midl\u00edk\u00a0 \u00a0 \u00a0 \u00a0 \u00a0 \u00a0 \u00a0 \u00a0 \u00a0 \u00a0 \u00a013\u00a0bod\u016f<br \/>21. David Mathaus\u00a0 \u00a0 \u00a0 \u00a0 \u00a0 \u00a0 \u00a0 \u00a0 \u00a0 \u00a0 \u00a0 \u00a012\u00a0bod\u016f<br \/>22.\u00a0 Daniel Kratochv\u00edl\u00a0 \u00a0 \u00a0 \u00a0 \u00a0 \u00a0 \u00a0 \u00a0 \u00a0 11\u00a0bod\u016f<br \/>23. Jirka Klab\u00edk\u00a0 \u00a0 \u00a0 \u00a0 \u00a0 \u00a0 \u00a0 \u00a0 \u00a0 \u00a0 \u00a0 \u00a0 \u00a0 \u00a0 10\u00a0bod\u016f<br \/>24.\u00a0 Vladim\u00edr Gibi\u0161\u00a0 \u00a0 \u00a0 \u00a0 \u00a0 \u00a0 \u00a0 \u00a0 \u00a0 \u00a0 \u00a0 \u00a0 9\u00a0bod\u016f<br \/>25. Pavel Kub\u00ed\u010dek\u00a0 \u00a0 \u00a0 \u00a0 \u00a0 \u00a0 \u00a0 \u00a0 \u00a0 \u00a0 \u00a0 \u00a0 8\u00a0bod\u016f<br \/>26.\u00a0 Kuba Turek\u00a0 \u00a0 \u00a0 \u00a0 \u00a0 \u00a0 \u00a0 \u00a0 \u00a0 \u00a0 \u00a0 \u00a0 \u00a0 \u00a0 7\u00a0bod\u016f<br \/>27.\u00a0 Ond\u0159ej Kol\u00e1\u0159\u00a0 \u00a0 \u00a0 \u00a0 \u00a0 \u00a0 \u00a0 \u00a0 \u00a0 \u00a0 \u00a0 \u00a0 \u00a0 6\u00a0bod\u016f<br \/>28.\u00a0 Dan Sleemax\u00a0 \u00a0 \u00a0 \u00a0 \u00a0 \u00a0 \u00a0 \u00a0 \u00a0 \u00a0 \u00a0 \u00a0 5\u00a0bod\u016f<br \/>29.\u00a0 Ji\u0159\u00ed \u010cefel\u00edn st.\u00a0 \u00a0 \u00a0 \u00a0 \u00a0 \u00a0 \u00a0 \u00a0 \u00a0 \u00a0 \u00a0 \u00a0 4\u00a0bod\u016f<br \/>30.\u00a0 Ji\u0159\u00ed \u010cefel\u00edn\u00a0 \u00a0 \u00a0 \u00a0 \u00a0 \u00a0 \u00a0 \u00a0 \u00a0 \u00a0 \u00a0 \u00a0 \u00a0 \u00a0 \u00a03\u00a0bod\u016f<br \/>31.\u00a0 Ivan Zat\u0159ep\u00e1lek\u00a0 \u00a0 \u00a0 \u00a0 \u00a0 \u00a0 \u00a0 \u00a0 \u00a0 \u00a0 \u00a0 2\u00a0bod\u016f<br \/>32.\u00a0 Dominik Halma\u00a0 \u00a0 \u00a0 \u00a0 \u00a0 \u00a0 \u00a0 \u00a0 \u00a0 \u00a0 \u00a0 1\u00a0bod\u016f \u00a0<\/p>\t\t\t\t\t\t\t\t<\/div>\n\t\t\t\t<\/div>\n\t\t\t\t\t<\/div>\n\t\t\t\t<\/div>\n\t\t\t\t<\/div>","protected":false},"excerpt":{"rendered":"<p>2023 &#8211; ROUND 1 Partne\u0159i z\u00e1vodu Z\u00e1kladn\u00ed informace V\u00fdsledky:\u00a0 \u00a0 \u00a0 \u00a0 \u00a0 \u00a0 \u00a0 \u00a0 \u00a0 \u00a0 \u00a0 \u00a0 \u00a0 \u00a0 \u00a0 \u00a0Body do Championship 1 . Michael Vater\u00a0 \u00a0 \u00a0 \u00a0 \u00a0 \u00a0 \u00a0 \u00a0 \u00a0 \u00a0 \u00a0 \u00a0 \u00a0100 bod\u016f2. Martin \u010c\u00e1slava(Trochen)\u00a0 \u00a0 \u00a0 \u00a0 \u00a080 bod\u016f3.\u00a0 Jirka Mikul\u00edk\u00a0 \u00a0 \u00a0 \u00a0 [&hellip;]<\/p>","protected":false},"author":1,"featured_media":0,"parent":0,"menu_order":0,"comment_status":"closed","ping_status":"closed","template":"","meta":{"footnotes":""},"class_list":["post-333","page","type-page","status-publish","hentry"],"yoast_head":"<!-- This site is optimized with the Yoast SEO plugin v25.7 - https:\/\/yoast.com\/wordpress\/plugins\/seo\/ -->\n<title>2023 - ROUND 1 - rcda.cz<\/title>\n<meta name=\"robots\" content=\"index, follow, max-snippet:-1, max-image-preview:large, max-video-preview:-1\" \/>\n<link rel=\"canonical\" href=\"https:\/\/rcda.cz\/en\/2023-round-1\/\" \/>\n<meta property=\"og:locale\" content=\"en_GB\" \/>\n<meta property=\"og:type\" content=\"article\" \/>\n<meta property=\"og:title\" content=\"2023 - ROUND 1 - rcda.cz\" \/>\n<meta property=\"og:description\" content=\"2023 &#8211; ROUND 1 Partne\u0159i z\u00e1vodu Z\u00e1kladn\u00ed informace V\u00fdsledky:\u00a0 \u00a0 \u00a0 \u00a0 \u00a0 \u00a0 \u00a0 \u00a0 \u00a0 \u00a0 \u00a0 \u00a0 \u00a0 \u00a0 \u00a0 \u00a0Body do Championship 1 . Michael Vater\u00a0 \u00a0 \u00a0 \u00a0 \u00a0 \u00a0 \u00a0 \u00a0 \u00a0 \u00a0 \u00a0 \u00a0 \u00a0100 bod\u016f2. Martin \u010c\u00e1slava(Trochen)\u00a0 \u00a0 \u00a0 \u00a0 \u00a080 bod\u016f3.\u00a0 Jirka Mikul\u00edk\u00a0 \u00a0 \u00a0 \u00a0 [&hellip;]\" \/>\n<meta property=\"og:url\" content=\"https:\/\/rcda.cz\/en\/2023-round-1\/\" \/>\n<meta property=\"og:site_name\" content=\"rcda.cz\" \/>\n<meta property=\"article:publisher\" content=\"https:\/\/www.facebook.com\/profile.php?id=61572646910430\" \/>\n<meta property=\"article:modified_time\" content=\"2025-03-21T17:37:29+00:00\" \/>\n<meta property=\"og:image\" content=\"https:\/\/rcda.cz\/wp-content\/uploads\/2025\/02\/rdc_svg.svg\" \/>\n<meta name=\"twitter:card\" content=\"summary_large_image\" \/>\n<meta name=\"twitter:label1\" content=\"Estimated reading time\" \/>\n\t<meta name=\"twitter:data1\" content=\"1 minute\" \/>\n<script type=\"application\/ld+json\" class=\"yoast-schema-graph\">{\"@context\":\"https:\/\/schema.org\",\"@graph\":[{\"@type\":\"WebPage\",\"@id\":\"https:\/\/rcda.cz\/2023-round-1\/\",\"url\":\"https:\/\/rcda.cz\/2023-round-1\/\",\"name\":\"2023 - ROUND 1 - rcda.cz\",\"isPartOf\":{\"@id\":\"https:\/\/rcda.cz\/#website\"},\"primaryImageOfPage\":{\"@id\":\"https:\/\/rcda.cz\/2023-round-1\/#primaryimage\"},\"image\":{\"@id\":\"https:\/\/rcda.cz\/2023-round-1\/#primaryimage\"},\"thumbnailUrl\":\"https:\/\/rcda.cz\/wp-content\/uploads\/2025\/02\/rdc_svg.svg\",\"datePublished\":\"2025-03-17T19:54:56+00:00\",\"dateModified\":\"2025-03-21T17:37:29+00:00\",\"breadcrumb\":{\"@id\":\"https:\/\/rcda.cz\/2023-round-1\/#breadcrumb\"},\"inLanguage\":\"en-GB\",\"potentialAction\":[{\"@type\":\"ReadAction\",\"target\":[\"https:\/\/rcda.cz\/2023-round-1\/\"]}]},{\"@type\":\"ImageObject\",\"inLanguage\":\"en-GB\",\"@id\":\"https:\/\/rcda.cz\/2023-round-1\/#primaryimage\",\"url\":\"https:\/\/rcda.cz\/wp-content\/uploads\/2025\/02\/rdc_svg.svg\",\"contentUrl\":\"https:\/\/rcda.cz\/wp-content\/uploads\/2025\/02\/rdc_svg.svg\"},{\"@type\":\"BreadcrumbList\",\"@id\":\"https:\/\/rcda.cz\/2023-round-1\/#breadcrumb\",\"itemListElement\":[{\"@type\":\"ListItem\",\"position\":1,\"name\":\"Dom\u016f\",\"item\":\"https:\/\/rcda.cz\/\"},{\"@type\":\"ListItem\",\"position\":2,\"name\":\"2023 &#8211; ROUND 1\"}]},{\"@type\":\"WebSite\",\"@id\":\"https:\/\/rcda.cz\/#website\",\"url\":\"https:\/\/rcda.cz\/\",\"name\":\"rcda.cz\",\"description\":\"Domov \u010desk\u00e9ho RC driftov\u00e9ho \u0161ampion\u00e1tu RDC, organizovan\u00e9ho pod z\u00e1\u0161titou RCDA - RC Drift Association\",\"publisher\":{\"@id\":\"https:\/\/rcda.cz\/#\/schema\/person\/70bb008124270680c28c1bf5ea4ca160\"},\"potentialAction\":[{\"@type\":\"SearchAction\",\"target\":{\"@type\":\"EntryPoint\",\"urlTemplate\":\"https:\/\/rcda.cz\/?s={search_term_string}\"},\"query-input\":{\"@type\":\"PropertyValueSpecification\",\"valueRequired\":true,\"valueName\":\"search_term_string\"}}],\"inLanguage\":\"en-GB\"},{\"@type\":[\"Person\",\"Organization\"],\"@id\":\"https:\/\/rcda.cz\/#\/schema\/person\/70bb008124270680c28c1bf5ea4ca160\",\"name\":\"rcdacz\",\"image\":{\"@type\":\"ImageObject\",\"inLanguage\":\"en-GB\",\"@id\":\"https:\/\/rcda.cz\/#\/schema\/person\/image\/\",\"url\":\"https:\/\/rcda.cz\/wp-content\/uploads\/2025\/02\/rcda_svg.svg\",\"contentUrl\":\"https:\/\/rcda.cz\/wp-content\/uploads\/2025\/02\/rcda_svg.svg\",\"width\":1,\"height\":1,\"caption\":\"rcdacz\"},\"logo\":{\"@id\":\"https:\/\/rcda.cz\/#\/schema\/person\/image\/\"},\"sameAs\":[\"http:\/\/localhost\/wordpress\",\"https:\/\/www.facebook.com\/profile.php?id=61572646910430\",\"https:\/\/www.instagram.com\/rcda_official\/\"]}]}<\/script>\n<!-- \/ Yoast SEO plugin. -->","yoast_head_json":{"title":"2023 - ROUND 1 - rcda.cz","robots":{"index":"index","follow":"follow","max-snippet":"max-snippet:-1","max-image-preview":"max-image-preview:large","max-video-preview":"max-video-preview:-1"},"canonical":"https:\/\/rcda.cz\/en\/2023-round-1\/","og_locale":"en_GB","og_type":"article","og_title":"2023 - ROUND 1 - rcda.cz","og_description":"2023 &#8211; ROUND 1 Partne\u0159i z\u00e1vodu Z\u00e1kladn\u00ed informace V\u00fdsledky:\u00a0 \u00a0 \u00a0 \u00a0 \u00a0 \u00a0 \u00a0 \u00a0 \u00a0 \u00a0 \u00a0 \u00a0 \u00a0 \u00a0 \u00a0 \u00a0Body do Championship 1 . Michael Vater\u00a0 \u00a0 \u00a0 \u00a0 \u00a0 \u00a0 \u00a0 \u00a0 \u00a0 \u00a0 \u00a0 \u00a0 \u00a0100 bod\u016f2. Martin \u010c\u00e1slava(Trochen)\u00a0 \u00a0 \u00a0 \u00a0 \u00a080 bod\u016f3.\u00a0 Jirka Mikul\u00edk\u00a0 \u00a0 \u00a0 \u00a0 [&hellip;]","og_url":"https:\/\/rcda.cz\/en\/2023-round-1\/","og_site_name":"rcda.cz","article_publisher":"https:\/\/www.facebook.com\/profile.php?id=61572646910430","article_modified_time":"2025-03-21T17:37:29+00:00","og_image":[{"url":"https:\/\/rcda.cz\/wp-content\/uploads\/2025\/02\/rdc_svg.svg","type":"","width":"","height":""}],"twitter_card":"summary_large_image","twitter_misc":{"Estimated reading time":"1 minute"},"schema":{"@context":"https:\/\/schema.org","@graph":[{"@type":"WebPage","@id":"https:\/\/rcda.cz\/2023-round-1\/","url":"https:\/\/rcda.cz\/2023-round-1\/","name":"2023 - ROUND 1 - rcda.cz","isPartOf":{"@id":"https:\/\/rcda.cz\/#website"},"primaryImageOfPage":{"@id":"https:\/\/rcda.cz\/2023-round-1\/#primaryimage"},"image":{"@id":"https:\/\/rcda.cz\/2023-round-1\/#primaryimage"},"thumbnailUrl":"https:\/\/rcda.cz\/wp-content\/uploads\/2025\/02\/rdc_svg.svg","datePublished":"2025-03-17T19:54:56+00:00","dateModified":"2025-03-21T17:37:29+00:00","breadcrumb":{"@id":"https:\/\/rcda.cz\/2023-round-1\/#breadcrumb"},"inLanguage":"en-GB","potentialAction":[{"@type":"ReadAction","target":["https:\/\/rcda.cz\/2023-round-1\/"]}]},{"@type":"ImageObject","inLanguage":"en-GB","@id":"https:\/\/rcda.cz\/2023-round-1\/#primaryimage","url":"https:\/\/rcda.cz\/wp-content\/uploads\/2025\/02\/rdc_svg.svg","contentUrl":"https:\/\/rcda.cz\/wp-content\/uploads\/2025\/02\/rdc_svg.svg"},{"@type":"BreadcrumbList","@id":"https:\/\/rcda.cz\/2023-round-1\/#breadcrumb","itemListElement":[{"@type":"ListItem","position":1,"name":"Dom\u016f","item":"https:\/\/rcda.cz\/"},{"@type":"ListItem","position":2,"name":"2023 &#8211; ROUND 1"}]},{"@type":"WebSite","@id":"https:\/\/rcda.cz\/#website","url":"https:\/\/rcda.cz\/","name":"rcda.cz","description":"Domov \u010desk\u00e9ho RC driftov\u00e9ho \u0161ampion\u00e1tu RDC, organizovan\u00e9ho pod z\u00e1\u0161titou RCDA - RC Drift Association","publisher":{"@id":"https:\/\/rcda.cz\/#\/schema\/person\/70bb008124270680c28c1bf5ea4ca160"},"potentialAction":[{"@type":"SearchAction","target":{"@type":"EntryPoint","urlTemplate":"https:\/\/rcda.cz\/?s={search_term_string}"},"query-input":{"@type":"PropertyValueSpecification","valueRequired":true,"valueName":"search_term_string"}}],"inLanguage":"en-GB"},{"@type":["Person","Organization"],"@id":"https:\/\/rcda.cz\/#\/schema\/person\/70bb008124270680c28c1bf5ea4ca160","name":"rcdacz","image":{"@type":"ImageObject","inLanguage":"en-GB","@id":"https:\/\/rcda.cz\/#\/schema\/person\/image\/","url":"https:\/\/rcda.cz\/wp-content\/uploads\/2025\/02\/rcda_svg.svg","contentUrl":"https:\/\/rcda.cz\/wp-content\/uploads\/2025\/02\/rcda_svg.svg","width":1,"height":1,"caption":"rcdacz"},"logo":{"@id":"https:\/\/rcda.cz\/#\/schema\/person\/image\/"},"sameAs":["http:\/\/localhost\/wordpress","https:\/\/www.facebook.com\/profile.php?id=61572646910430","https:\/\/www.instagram.com\/rcda_official\/"]}]}},"_links":{"self":[{"href":"https:\/\/rcda.cz\/en\/wp-json\/wp\/v2\/pages\/333","targetHints":{"allow":["GET"]}}],"collection":[{"href":"https:\/\/rcda.cz\/en\/wp-json\/wp\/v2\/pages"}],"about":[{"href":"https:\/\/rcda.cz\/en\/wp-json\/wp\/v2\/types\/page"}],"author":[{"embeddable":true,"href":"https:\/\/rcda.cz\/en\/wp-json\/wp\/v2\/users\/1"}],"replies":[{"embeddable":true,"href":"https:\/\/rcda.cz\/en\/wp-json\/wp\/v2\/comments?post=333"}],"version-history":[{"count":10,"href":"https:\/\/rcda.cz\/en\/wp-json\/wp\/v2\/pages\/333\/revisions"}],"predecessor-version":[{"id":798,"href":"https:\/\/rcda.cz\/en\/wp-json\/wp\/v2\/pages\/333\/revisions\/798"}],"wp:attachment":[{"href":"https:\/\/rcda.cz\/en\/wp-json\/wp\/v2\/media?parent=333"}],"curies":[{"name":"wp","href":"https:\/\/api.w.org\/{rel}","templated":true}]}}